{"id":41,"date":"2016-07-18T09:05:52","date_gmt":"2016-07-18T09:05:52","guid":{"rendered":"http:\/\/sw-themes.com\/porto_dummy\/?page_id=41"},"modified":"2021-06-03T07:14:53","modified_gmt":"2021-06-03T07:14:53","slug":"maksimir-beskonacna_prica","status":"publish","type":"page","link":"https:\/\/dinamojemaksimir.com\/?page_id=41","title":{"rendered":"Maksimir &#8211; beskona\u010dna pri\u010da"},"content":{"rendered":"\t\t<div data-elementor-type=\"wp-page\" data-elementor-id=\"41\" class=\"elementor elementor-41\" data-elementor-settings=\"[]\">\n\t\t\t\t\t\t\t<div class=\"elementor-section-wrap\">\n\t\t\t\t\t\t\t<section data-plugin-parallax=\"\" data-plugin-options=\"{&quot;speed&quot;: 1.3}\" class=\"elementor-section elementor-top-section elementor-element elementor-element-d280850 ltr-section elementor-section-boxed elementor-section-height-default elementor-section-height-default\" data-id=\"d280850\" data-element_type=\"section\" data-settings=\"{&quot;background_background&quot;:&quot;classic&quot;}\">\r\n\t\t\t\r\n\t\t\t\t\t\t\t\t\t<div class=\"elementor-container elementor-column-gap-no\">\r\n\t\t\t\t\t\t\t\t\t\t\t<div class=\"elementor-column elementor-col-50 elementor-top-column elementor-element elementor-element-2ba864d pb-lg-5 mt-5 order-lg-2\" data-id=\"2ba864d\" data-element_type=\"column\">\r\n\r\n\t\t\t\t\t<div class=\"elementor-widget-wrap elementor-element-populated\">\r\n\t\t\t\t\t\t\t\t<div class=\"elementor-element elementor-element-5dede14 testimonial mx-4 elementor-widget elementor-widget-porto_ultimate_heading\" data-id=\"5dede14\" data-element_type=\"widget\" data-widget_type=\"porto_ultimate_heading.default\">\n\t\t\t\t<div class=\"elementor-widget-container\">\n\t\t\t<div class=\"porto-u-heading\" data-hspacer=\"no_spacer\" data-halign=\"inherit\" style=\"text-align:inherit\"><div class=\"porto-u-main-heading\"><div data-plugin-animated-letters data-plugin-options=\"{&quot;startDelay&quot;:1000,&quot;minWindowWidth&quot;:992,&quot;animationName&quot;:&quot;fadeIn&quot;}\"  >Bilo kako bilo nu\u017eno je hitno napraviti prvi korak, tj preispitati sve pravne elemente ove varijante i stvoriti preduvjete za odluku odmah nakon provedenih izbora i formiranja gradske vlasti.<\/div><\/div><\/div>\t\t<\/div>\n\t\t\t\t<\/div>\n\t\t\t\t<div class=\"elementor-element elementor-element-e5e23d2 mx-4 mb-0 elementor-widget elementor-widget-porto_ultimate_heading\" data-id=\"e5e23d2\" data-element_type=\"widget\" data-widget_type=\"porto_ultimate_heading.default\">\n\t\t\t\t<div class=\"elementor-widget-container\">\n\t\t\t<div class=\"porto-u-heading\" data-hspacer=\"no_spacer\" data-halign=\"left\" style=\"text-align:left\"><div class=\"porto-u-main-heading\"><h5   >Otto Bari\u0107<\/h5><\/div><\/div>\t\t<\/div>\n\t\t\t\t<\/div>\n\t\t\t\t\t<\/div>\r\n\t\t\t\t<\/div>\r\n\t\t\t\t<div class=\"elementor-column elementor-col-50 elementor-top-column elementor-element elementor-element-8914ec6 mt-5\" data-id=\"8914ec6\" data-element_type=\"column\">\r\n\r\n\t\t\t\t\t<div class=\"elementor-widget-wrap elementor-element-populated\">\r\n\t\t\t\t\t\t\t\t<div class=\"elementor-element elementor-element-76f5523 elementor-invisible elementor-widget elementor-widget-image\" data-id=\"76f5523\" data-element_type=\"widget\" data-settings=\"{&quot;_animation&quot;:&quot;fadeInUp&quot;,&quot;_animation_delay&quot;:400}\" data-widget_type=\"image.default\">\n\t\t\t\t<div class=\"elementor-widget-container\">\n\t\t\t\t\t\t\t\t\t\t\t\t\t\t\t<img width=\"995\" height=\"561\" src=\"https:\/\/dinamojemaksimir.com\/wp-content\/uploads\/2021\/05\/stadion.png\" class=\"attachment-full size-full\" alt=\"\" loading=\"lazy\" srcset=\"https:\/\/dinamojemaksimir.com\/wp-content\/uploads\/2021\/05\/stadion.png 995w, https:\/\/dinamojemaksimir.com\/wp-content\/uploads\/2021\/05\/stadion-768x433.png 768w, https:\/\/dinamojemaksimir.com\/wp-content\/uploads\/2021\/05\/stadion-640x361.png 640w, https:\/\/dinamojemaksimir.com\/wp-content\/uploads\/2021\/05\/stadion-400x226.png 400w, https:\/\/dinamojemaksimir.com\/wp-content\/uploads\/2021\/05\/stadion-367x207.png 367w, https:\/\/dinamojemaksimir.com\/wp-content\/uploads\/2021\/05\/stadion-600x338.png 600w\" sizes=\"(max-width: 995px) 100vw, 995px\" \/>\t\t\t\t\t\t\t\t\t\t\t\t\t\t\t<\/div>\n\t\t\t\t<\/div>\n\t\t\t\t\t<\/div>\r\n\t\t\t\t<\/div>\r\n\t\t\t\t\t\t<\/div>\r\n\t\t\t\t<\/section>\r\n\t\t\t\t<section class=\"elementor-section elementor-top-section elementor-element elementor-element-0727d5c elementor-section-full_width elementor-section-height-default elementor-section-height-default\" data-id=\"0727d5c\" data-element_type=\"section\">\r\n\t\t\t\r\n\t\t\t\t\t\t\t\t\t<div class=\"elementor-container elementor-column-gap-no\">\r\n\t\t\t\t\t\t\t\t\t\t\t<div class=\"elementor-column elementor-col-100 elementor-top-column elementor-element elementor-element-419a67d column-d-block\" data-id=\"419a67d\" data-element_type=\"column\">\r\n\r\n\t\t\t\t\t<div class=\"elementor-widget-wrap elementor-element-populated\">\r\n\t\t\t\t\t\t\t\t<div class=\"elementor-element elementor-element-d564912 mb-4 elementor-invisible elementor-widget elementor-widget-heading\" data-id=\"d564912\" data-element_type=\"widget\" data-settings=\"{&quot;_animation&quot;:&quot;fadeInUp&quot;,&quot;_animation_delay&quot;:1000}\" data-widget_type=\"heading.default\">\n\t\t\t\t<div class=\"elementor-widget-container\">\n\t\t\t<h2 class=\"elementor-heading-title elementor-size-default\">Stadion Maksimir - bskona\u010dna pri\u010da<\/h2>\t\t<\/div>\n\t\t\t\t<\/div>\n\t\t\t\t<div class=\"elementor-element elementor-element-cb7b40b mb-4 elementor-invisible elementor-widget elementor-widget-text-editor\" data-id=\"cb7b40b\" data-element_type=\"widget\" data-settings=\"{&quot;_animation&quot;:&quot;fadeInUp&quot;,&quot;_animation_delay&quot;:1200}\" data-widget_type=\"text-editor.default\">\n\t\t\t\t<div class=\"elementor-widget-container\">\n\t\t\t\t\t\t\t\t<div dir=\"auto\">Stadion u Maksimiru je jedna &#8220;beskona\u010dna pri\u010da&#8221; koja desetlje\u0107ima puni medijski prostor grada Zagreba a povremeno i \u0161ire. Pokusat \u0107u ovom tekstu prikazati genezu problema a ujedno i dati mogu\u0107e rje\u0161enje.<\/div>\t\t\t\t\t\t<\/div>\n\t\t\t\t<\/div>\n\t\t\t\t<div class=\"elementor-element elementor-element-eee8f8c mb-1 elementor-widget elementor-widget-text-editor\" data-id=\"eee8f8c\" data-element_type=\"widget\" data-widget_type=\"text-editor.default\">\n\t\t\t\t<div class=\"elementor-widget-container\">\n\t\t\t\t\t\t\t\t<p>Nakon kraja drugog svjetskog rata odlukom tada\u0161nje jugoslavenske vlasti ukinuta su sva \u0161portska dru\u0161tva koja su djelovala u NDH tijekom njenog postojanja.<br \/>NK Dinamo, osnovan1946 godine, ustvari nastavlja tradiciju Gradjanskog i nakon kratkog prijelaznog razdoblja po\u010dinje igrati u Maksimiru.<br \/>Sam \u0161portski stadion na toj lokaciji vu\u010de duge korijene sve do 1912 godine i koristili su ga nogometa\u0161i i atleti\u010dari ravnopravno.<br \/>Stadion je u pedesetim godinama rekonstruiran po projektu ing. Turine i u to vrijeme je bio jedan od najljep\u0161ih stadiona u Europi. <br \/>Filigrana in\u017einjerska konstrukcija jo\u0161 je danas vidljiva na isto\u010dnoj tribini dok su ostale tribine ( zapad, sjever i jug) u potpunosti izmjenjene u nespretnom poku\u0161aju devedesetih godina. <br \/>Predsjednik Tudjman je imao hvalevrijednu ideju da za svoj klub, tada\u0161nju Croatiju i za reprezentaciju mlade hrvatske dr\u017eave stvori primjereni okvir, te je dao izraditi projekt za stadion za ca. 60.000 gledatelja. <br \/>Na \u017ealost taj megalomanski projekt je zbog \u010dtavog niza postavljenih uvjeta (ostala je atletska staza, sjeverna tribina je dobila komercijalne prostore, ogromni rasponi krova, blizina prometnice&#8230;) bio realno neizvediv i daleko preskup pa ni uz ogromna ulaganja nije dovr\u0161en nego je ostao nedore\u010den i nedovr\u0161en.<\/p>\t\t\t\t\t\t<\/div>\n\t\t\t\t<\/div>\n\t\t\t\t<div class=\"elementor-element elementor-element-5029f4a mb-4 pb-2 elementor-invisible elementor-widget elementor-widget-image\" data-id=\"5029f4a\" data-element_type=\"widget\" data-settings=\"{&quot;_animation&quot;:&quot;fadeInUp&quot;,&quot;_animation_delay&quot;:1600}\" data-widget_type=\"image.default\">\n\t\t\t\t<div class=\"elementor-widget-container\">\n\t\t\t\t\t\t\t\t\t\t\t\t\t\t\t<img width=\"1920\" height=\"700\" src=\"https:\/\/dinamojemaksimir.com\/wp-content\/uploads\/2021\/05\/DINAMO_MAKS_2.jpg\" class=\"attachment-full size-full\" alt=\"\" loading=\"lazy\" srcset=\"https:\/\/dinamojemaksimir.com\/wp-content\/uploads\/2021\/05\/DINAMO_MAKS_2.jpg 1920w, https:\/\/dinamojemaksimir.com\/wp-content\/uploads\/2021\/05\/DINAMO_MAKS_2-1024x373.jpg 1024w, https:\/\/dinamojemaksimir.com\/wp-content\/uploads\/2021\/05\/DINAMO_MAKS_2-768x280.jpg 768w, https:\/\/dinamojemaksimir.com\/wp-content\/uploads\/2021\/05\/DINAMO_MAKS_2-1536x560.jpg 1536w, https:\/\/dinamojemaksimir.com\/wp-content\/uploads\/2021\/05\/DINAMO_MAKS_2-640x233.jpg 640w, https:\/\/dinamojemaksimir.com\/wp-content\/uploads\/2021\/05\/DINAMO_MAKS_2-400x146.jpg 400w, https:\/\/dinamojemaksimir.com\/wp-content\/uploads\/2021\/05\/DINAMO_MAKS_2-367x134.jpg 367w, https:\/\/dinamojemaksimir.com\/wp-content\/uploads\/2021\/05\/DINAMO_MAKS_2-600x219.jpg 600w\" sizes=\"(max-width: 1920px) 100vw, 1920px\" \/>\t\t\t\t\t\t\t\t\t\t\t\t\t\t\t<\/div>\n\t\t\t\t<\/div>\n\t\t\t\t<div class=\"elementor-element elementor-element-74e43d2 mb-1 elementor-widget elementor-widget-text-editor\" data-id=\"74e43d2\" data-element_type=\"widget\" data-widget_type=\"text-editor.default\">\n\t\t\t\t<div class=\"elementor-widget-container\">\n\t\t\t\t\t\t\t\t<p>Sjajni uspjesi nogometnog pogona GNK Dinama u zadnjim desetlje\u0107ima i naro\u010dito najbolja sezona u povijesti 2020\/2021 daju nadu da \u0107e se kona\u010dno rije\u0161iti i pitanje adekvatnog doma za kolektiv koji je trenutno u prvoj ligi europskog nogometa a igra u potpuno neadekvatnim uvjetima.<br \/>Dinamu treba stadion od ca 34.000 sjede\u0107ih mjesta uklju\u010duju\u0107i svu potrebnu infrastrukturu , vip i vvip lo\u017ee, adekvatne prostore za igra\u010de, suce, \u0161tampu i ostale medije , potrebni hospitality, parkinge, pristupe i tehni\u010dke mogu\u0107nosti za odr\u017eavanje koncerata i drugih priredbi.<br \/>Takav stadion bi uz po\u0161tivanje svih tehnolo\u0161kih datosti 21.stolje\u0107a, nu\u017enu transparentnost design &amp; build procesa i korektnog medjunarodnog tenderinga smijo ko\u0161tati maksimalno ca 1700-1800 eur po sjede\u0107em mjestu uz dodatak od ca 10% za ru\u0161enje postoje\u0107e strukture.<\/p><h4>Dakle cijena ne smije biti ve\u0107a od ca 60-65 miliona eura!<\/h4><p>Projektiranje i ishodjenje dozvola bi na bazi idejnog rje\u0161enja koje \u0107e proiza\u0107i iz arhitektonskog natje\u010daja ili na bazi prijedloga koji sam izradio ja u suradnji sa Dinamom trebalo trajati maksimalno 12 mjeseci , a izgradnja na temelju medjunarodnih iskustava max 24 mjeseca. Takav hodogram bi omogu\u0107io kompletnu realizaciju u roku od ukupno 36 mjeseci, tj 3 godine od donesene odluke o startu projekta.<\/p>\t\t\t\t\t\t<\/div>\n\t\t\t\t<\/div>\n\t\t\t\t<div class=\"elementor-element elementor-element-377ccf8 mb-4 pb-2 elementor-invisible elementor-widget elementor-widget-image\" data-id=\"377ccf8\" data-element_type=\"widget\" data-settings=\"{&quot;_animation&quot;:&quot;fadeInUp&quot;,&quot;_animation_delay&quot;:1600}\" data-widget_type=\"image.default\">\n\t\t\t\t<div class=\"elementor-widget-container\">\n\t\t\t\t\t\t\t\t\t\t\t\t\t\t\t<img width=\"1920\" height=\"700\" src=\"https:\/\/dinamojemaksimir.com\/wp-content\/uploads\/2021\/05\/DINAMO_MAKS_1.jpg\" class=\"attachment-full size-full\" alt=\"\" loading=\"lazy\" srcset=\"https:\/\/dinamojemaksimir.com\/wp-content\/uploads\/2021\/05\/DINAMO_MAKS_1.jpg 1920w, https:\/\/dinamojemaksimir.com\/wp-content\/uploads\/2021\/05\/DINAMO_MAKS_1-1024x373.jpg 1024w, https:\/\/dinamojemaksimir.com\/wp-content\/uploads\/2021\/05\/DINAMO_MAKS_1-768x280.jpg 768w, https:\/\/dinamojemaksimir.com\/wp-content\/uploads\/2021\/05\/DINAMO_MAKS_1-1536x560.jpg 1536w, https:\/\/dinamojemaksimir.com\/wp-content\/uploads\/2021\/05\/DINAMO_MAKS_1-640x233.jpg 640w, https:\/\/dinamojemaksimir.com\/wp-content\/uploads\/2021\/05\/DINAMO_MAKS_1-400x146.jpg 400w, https:\/\/dinamojemaksimir.com\/wp-content\/uploads\/2021\/05\/DINAMO_MAKS_1-367x134.jpg 367w, https:\/\/dinamojemaksimir.com\/wp-content\/uploads\/2021\/05\/DINAMO_MAKS_1-600x219.jpg 600w\" sizes=\"(max-width: 1920px) 100vw, 1920px\" \/>\t\t\t\t\t\t\t\t\t\t\t\t\t\t\t<\/div>\n\t\t\t\t<\/div>\n\t\t\t\t<div class=\"elementor-element elementor-element-386e1f7 mb-1 elementor-widget elementor-widget-text-editor\" data-id=\"386e1f7\" data-element_type=\"widget\" data-widget_type=\"text-editor.default\">\n\t\t\t\t<div class=\"elementor-widget-container\">\n\t\t\t\t\t\t\t\t<p>Najva\u017eniji element koji je nu\u017eno rije\u0161iti odmah je model i na\u010din financiranje izgradnje, ovdje se realno nude samo dvije opcije. Prva je da kompletan i\u017einjering i financiranje preuzme grad Zagreb nakon pozitivnog plebiscita gradjana kroz referendum ili javnu raspravu, u tom bi slu\u010daju grad Zagreb bio nosioc kredita a GNK Dinamo bi zajedno sa drugim korisnicima godi\u0161nje pla\u0107ao kori\u0161tenje i tim sredstvima bi grad Zagreb vra\u0107ao kredit. Ova varijanta je zbog kompleksnosti politi\u010dke situacije i op\u0107eg raspolo\u017eenja u gradu Zagrebu , pogodjenom potresom i pod pritiskom nu\u017ene urbane obnove , vrlo neizvjesna.<br \/>Realnijom se \u010dini druga varijanta, da se GNK Dinamu da pravo gradjenja na realan rok isplativosti stadiona , ca 35-40 godina uz simboli\u010dnu naknadu i da se na taj na\u010din omogu\u0107i design&amp;build varijanta koju bi vodio Dinamo sa medjunarodnim investitorima i operaterima. Na taj na\u010din tro\u0161kovi grada bi bili ravni nuli a ujedno bi se i anulirala nepravda kojom je Dinamo1992 ostao bez zemlji\u0161ta koje je desetlje\u0107ima koristio.<br \/>Bilo kako bilo nu\u017eno je hitno napraviti prvi korak, tj preispitati sve pravne elemente ove varijante i stvoriti preduvjete za odluku odmah nakon provedenih izbora i formiranja gradske vlasti.<br \/><em><strong>Arh. Otto Bari\u0107<\/strong><\/em><\/p>\t\t\t\t\t\t<\/div>\n\t\t\t\t<\/div>\n\t\t\t\t\t<\/div>\r\n\t\t\t\t<\/div>\r\n\t\t\t\t\t\t<\/div>\r\n\t\t\t\t<\/section>\r\n\t\t\t\t\t\t<\/div>\n\t\t\t\t\t<\/div>\n\t\t","protected":false},"excerpt":{"rendered":"<p>Bilo kako bilo nu\u017eno je hitno napraviti prvi korak, tj preispitati sve pravne elemente ove varijante i stvoriti preduvjete za odluku odmah nakon provedenih izbora i formiranja gradske vlasti. Otto Bari\u0107 Stadion Maksimir &#8211; bskona\u010dna pri\u010da Stadion u Maksimiru je jedna &#8220;beskona\u010dna pri\u010da&#8221; koja desetlje\u0107ima puni medijski prostor grada Zagreba a povremeno i \u0161ire. Pokusat [&hellip;]<\/p>\n","protected":false},"author":1,"featured_media":0,"parent":0,"menu_order":0,"comment_status":"closed","ping_status":"closed","template":"","meta":[],"_links":{"self":[{"href":"https:\/\/dinamojemaksimir.com\/index.php?rest_route=\/wp\/v2\/pages\/41"}],"collection":[{"href":"https:\/\/dinamojemaksimir.com\/index.php?rest_route=\/wp\/v2\/pages"}],"about":[{"href":"https:\/\/dinamojemaksimir.com\/index.php?rest_route=\/wp\/v2\/types\/page"}],"author":[{"embeddable":true,"href":"https:\/\/dinamojemaksimir.com\/index.php?rest_route=\/wp\/v2\/users\/1"}],"replies":[{"embeddable":true,"href":"https:\/\/dinamojemaksimir.com\/index.php?rest_route=%2Fwp%2Fv2%2Fcomments&post=41"}],"version-history":[{"count":20,"href":"https:\/\/dinamojemaksimir.com\/index.php?rest_route=\/wp\/v2\/pages\/41\/revisions"}],"predecessor-version":[{"id":1521,"href":"https:\/\/dinamojemaksimir.com\/index.php?rest_route=\/wp\/v2\/pages\/41\/revisions\/1521"}],"wp:attachment":[{"href":"https:\/\/dinamojemaksimir.com\/index.php?rest_route=%2Fwp%2Fv2%2Fmedia&parent=41"}],"curies":[{"name":"wp","href":"https:\/\/api.w.org\/{rel}","templated":true}]}}