{"id":1810,"date":"2022-01-22T21:32:48","date_gmt":"2022-01-22T20:32:48","guid":{"rendered":"https:\/\/dinamojemaksimir.com\/?page_id=1810"},"modified":"2022-02-11T21:21:01","modified_gmt":"2022-02-11T20:21:01","slug":"djelovanje_udruge_mediji_o_nama","status":"publish","type":"page","link":"https:\/\/dinamojemaksimir.com\/?page_id=1810","title":{"rendered":"Djelovanje udruge i mediji o nama"},"content":{"rendered":"\t\t<div data-elementor-type=\"wp-page\" data-elementor-id=\"1810\" class=\"elementor elementor-1810\" data-elementor-settings=\"[]\">\n\t\t\t\t\t\t\t<div class=\"elementor-section-wrap\">\n\t\t\t\t\t\t\t<section class=\"elementor-section elementor-top-section elementor-element elementor-element-0727d5c elementor-section-full_width elementor-section-height-default elementor-section-height-default\" data-id=\"0727d5c\" data-element_type=\"section\">\r\n\t\t\t\r\n\t\t\t\t\t\t\t\t\t<div class=\"elementor-container elementor-column-gap-no\">\r\n\t\t\t\t\t\t\t\t\t\t\t<div class=\"elementor-column elementor-col-100 elementor-top-column elementor-element elementor-element-419a67d column-d-block\" data-id=\"419a67d\" data-element_type=\"column\">\r\n\r\n\t\t\t\t\t<div class=\"elementor-widget-wrap elementor-element-populated\">\r\n\t\t\t\t\t\t\t\t<div class=\"elementor-element elementor-element-d564912 mb-4 elementor-invisible elementor-widget elementor-widget-heading\" data-id=\"d564912\" data-element_type=\"widget\" data-settings=\"{&quot;_animation&quot;:&quot;fadeInUp&quot;,&quot;_animation_delay&quot;:1000}\" data-widget_type=\"heading.default\">\n\t\t\t\t<div class=\"elementor-widget-container\">\n\t\t\t<h2 class=\"elementor-heading-title elementor-size-default\">Djelovanje udruge i mediji o nama<\/h2>\t\t<\/div>\n\t\t\t\t<\/div>\n\t\t\t\t<div class=\"elementor-element elementor-element-cb7b40b mb-4 elementor-invisible elementor-widget elementor-widget-text-editor\" data-id=\"cb7b40b\" data-element_type=\"widget\" data-settings=\"{&quot;_animation&quot;:&quot;fadeInUp&quot;,&quot;_animation_delay&quot;:1200}\" data-widget_type=\"text-editor.default\">\n\t\t\t\t<div class=\"elementor-widget-container\">\n\t\t\t\t\t\t\t\t<div dir=\"auto\"><p>Nema se tu puno kaj re\u0107i, poruka je jasna, vidljiva na svakom kutu u gradu Zagrebu, plakatima koji simboliziraju borbu na\u0161e Inicijative \u201eDinamo je Maksimir\u201c, a na odgovornima u gradu je da postupe kako i dolikuje, ako vole Zagreb i Dinamo. Zato dok prolazite pored tih lokacija, zastanite na tren, nemojte biti lijeni pokazati ljudima, prijateljima plakate, uz samo jedan cilj novi dom GNK Dinama.<\/p><\/div>\t\t\t\t\t\t<\/div>\n\t\t\t\t<\/div>\n\t\t\t\t\t<\/div>\r\n\t\t\t\t<\/div>\r\n\t\t\t\t\t\t<\/div>\r\n\t\t\t\t<\/section>\r\n\t\t\t\t<section class=\"elementor-section elementor-top-section elementor-element elementor-element-781d220 elementor-section-boxed elementor-section-height-default elementor-section-height-default\" data-id=\"781d220\" data-element_type=\"section\">\r\n\t\t\t\r\n\t\t\t\t\t\t\t\t\t<div class=\"elementor-container elementor-column-gap-wide\">\r\n\t\t\t\t\t\t\t\t\t\t\t<div class=\"elementor-column elementor-col-50 elementor-top-column elementor-element elementor-element-a70604c\" data-id=\"a70604c\" data-element_type=\"column\">\r\n\r\n\t\t\t\t\t<div class=\"elementor-widget-wrap elementor-element-populated\">\r\n\t\t\t\t\t\t\t\t<div class=\"elementor-element elementor-element-c508aa8 elementor-widget elementor-widget-text-editor\" data-id=\"c508aa8\" data-element_type=\"widget\" data-widget_type=\"text-editor.default\">\n\t\t\t\t<div class=\"elementor-widget-container\">\n\t\t\t\t\t\t\t\t<p><strong>Zagreb.info:<\/strong><br \/><a href=\"https:\/\/www.zagreb.info\/aktualno\/zg\/jeste-li-vec-vidjeli-plakate-traze-potpis-gradonacelnika-kako-bi-dinamo-dobio-pravo-gradenja-novog-stadiona\/388102\/\">JESTE LI VE\u0106 VIDJELI PLAKATE? Tra\u017ee Toma\u0161evi\u0107ev potpis kako bi Dinamo dobio pravo gra\u0111enja novog stadiona<\/a><\/p><p><strong>Dnevno.hr:<br \/><\/strong><a href=\"https:\/\/www.dnevno.hr\/sport\/dinamo-ce-sam-srusiti-i-sagraditi-novi-stadion-pustimo-mamice-oni-nisu-dinamo-u-ovoj-prici-nema-mjesta-za-njih-1894988\/\">\u2018DINAMO \u0106E SAM SRU\u0160ITI I SAGRADITI NOVI STADION!\u2019 \u2018Pustimo Mami\u0107e, oni nisu Dinamo, u ovoj pri\u010di nema mjesta za njih\u2019<\/a><strong><br \/><\/strong><\/p><p><strong>Sportske novosti:<\/strong><br \/><a href=\"https:\/\/sportske.jutarnji.hr\/sn\/nogomet\/hnl\/klubovi\/dinamo\/prica-iza-plakata-koji-su-osvanuli-u-zagrebu-ovo-je-maksimirski-stadion-koji-bi-punio-gradsku-blagajnu-15154003\">PRI\u010cA IZA PLAKATA KOJI SU OSVANULI U ZAGREBU: \u2018OVO JE MAKSIMIRSKI STADION KOJI BI PUNIO GRADSKU BLAGAJNU!\u2018<\/a><\/p><p><strong>tportal.hr:<\/strong><br \/><a href=\"https:\/\/www.tportal.hr\/sport\/clanak\/udruga-dinamo-je-maksimir-donosi-nove-detalje-o-stadionu-i-planovima-gradonacelnik-tomasevic-ima-priliku-uci-u-povijest-zagreba-ali-20220203\">Udruga &#8216;Dinamo je Maksimir&#8217; donosi nove detalje o gradnji stadiona i planovima: Gradona\u010delnik Toma\u0161evi\u0107 ima priliku u\u0107i u povijest Zagreba, ali&#8230;<\/a><\/p><p><strong>Ve\u010dernji list:<\/strong><br \/><a href=\"https:\/\/www.vecernji.hr\/sport\/udruga-dinamo-je-maksimir-tomasevic-moze-uci-u-povijest-zagreba-kao-holjevac-1560561?fbclid=IwAR0QsNMgFgGZ0dydPYQp3macEfxo0d57x4nQ1-lRgY3TwyfbfEXMlvCCsGw\">Udruga &#8216;Dinamo je Maksimir&#8217;: Toma\u0161evi\u0107 mo\u017ee u\u0107i u povijest Zagreba kao Holjevac<\/a><\/p><p><strong>Dnevno.hr:<br \/><\/strong><a href=\"https:\/\/www.dnevno.hr\/sport\/nogomet\/dinamo-je-maksimir-sto-stoji-iza-nove-gradanske-inicijative-1902854\/?fbclid=IwAR1QNqmzvh5PL8fJFZ76o3oPXuARPDkL43rbRhxlnSsi8L4bFoYSyVnu9ck\">DINAMO JE MAKSIMIR: \u0160to stoji iza nove gra\u0111anske inicijative?<\/a><\/p><p><strong>01portal.hr<br \/><\/strong><a href=\"https:\/\/01portal.hr\/u-zagrebu-osvanuo-plakat-o-ulozenim-novcima-u-dinamov-stadion\/\">U Zagrebu osvanuo plakat o ulo\u017eenim novcima u Dinamov stadion<\/a><\/p>\t\t\t\t\t\t<\/div>\n\t\t\t\t<\/div>\n\t\t\t\t\t<\/div>\r\n\t\t\t\t<\/div>\r\n\t\t\t\t<div class=\"elementor-column elementor-col-50 elementor-top-column elementor-element elementor-element-0133a9b\" data-id=\"0133a9b\" data-element_type=\"column\">\r\n\r\n\t\t\t\t\t<div class=\"elementor-widget-wrap elementor-element-populated\">\r\n\t\t\t\t\t\t\t\t<div class=\"elementor-element elementor-element-ced2181 elementor-aspect-ratio-169 elementor-widget elementor-widget-video\" data-id=\"ced2181\" data-element_type=\"widget\" data-settings=\"{&quot;youtube_url&quot;:&quot;https:\\\/\\\/www.youtube.com\\\/watch?v=Wqu6e5GCzj8&quot;,&quot;video_type&quot;:&quot;youtube&quot;,&quot;controls&quot;:&quot;yes&quot;,&quot;aspect_ratio&quot;:&quot;169&quot;}\" data-widget_type=\"video.default\">\n\t\t\t\t<div class=\"elementor-widget-container\">\n\t\t\t\t\t<div class=\"elementor-wrapper elementor-fit-aspect-ratio elementor-open-inline\">\n\t\t\t<div class=\"elementor-video\"><\/div>\t\t<\/div>\n\t\t\t\t<\/div>\n\t\t\t\t<\/div>\n\t\t\t\t<div class=\"elementor-element elementor-element-223be4d elementor-aspect-ratio-169 elementor-widget elementor-widget-video\" data-id=\"223be4d\" data-element_type=\"widget\" data-settings=\"{&quot;youtube_url&quot;:&quot;https:\\\/\\\/www.youtube.com\\\/watch?v=azjqAo11wTg&quot;,&quot;video_type&quot;:&quot;youtube&quot;,&quot;controls&quot;:&quot;yes&quot;,&quot;aspect_ratio&quot;:&quot;169&quot;}\" data-widget_type=\"video.default\">\n\t\t\t\t<div class=\"elementor-widget-container\">\n\t\t\t\t\t<div class=\"elementor-wrapper elementor-fit-aspect-ratio elementor-open-inline\">\n\t\t\t<div class=\"elementor-video\"><\/div>\t\t<\/div>\n\t\t\t\t<\/div>\n\t\t\t\t<\/div>\n\t\t\t\t<div class=\"elementor-element elementor-element-ea2c44b elementor-aspect-ratio-169 elementor-widget elementor-widget-video\" data-id=\"ea2c44b\" data-element_type=\"widget\" data-settings=\"{&quot;youtube_url&quot;:&quot;https:\\\/\\\/www.youtube.com\\\/watch?v=xToWRsIgbr8&quot;,&quot;video_type&quot;:&quot;youtube&quot;,&quot;controls&quot;:&quot;yes&quot;,&quot;aspect_ratio&quot;:&quot;169&quot;}\" data-widget_type=\"video.default\">\n\t\t\t\t<div class=\"elementor-widget-container\">\n\t\t\t\t\t<div class=\"elementor-wrapper elementor-fit-aspect-ratio elementor-open-inline\">\n\t\t\t<div class=\"elementor-video\"><\/div>\t\t<\/div>\n\t\t\t\t<\/div>\n\t\t\t\t<\/div>\n\t\t\t\t\t<\/div>\r\n\t\t\t\t<\/div>\r\n\t\t\t\t\t\t<\/div>\r\n\t\t\t\t<\/section>\r\n\t\t\t\t<section class=\"elementor-section elementor-top-section elementor-element elementor-element-c6cfbd1 elementor-section-boxed elementor-section-height-default elementor-section-height-default\" data-id=\"c6cfbd1\" data-element_type=\"section\">\r\n\t\t\t\r\n\t\t\t\t\t\t\t\t\t<div class=\"elementor-container elementor-column-gap-default\">\r\n\t\t\t\t\t\t\t\t\t\t\t<div class=\"elementor-column elementor-col-100 elementor-top-column elementor-element elementor-element-67c7b03\" data-id=\"67c7b03\" data-element_type=\"column\">\r\n\r\n\t\t\t\t\t<div class=\"elementor-widget-wrap elementor-element-populated\">\r\n\t\t\t\t\t\t\t\t<div class=\"elementor-element elementor-element-0eeb395 elementor-widget elementor-widget-image-gallery\" data-id=\"0eeb395\" data-element_type=\"widget\" data-widget_type=\"image-gallery.default\">\n\t\t\t\t<div class=\"elementor-widget-container\">\n\t\t\t\t\t<div class=\"elementor-image-gallery\">\n\t\t\t<div id='gallery-1' class='gallery galleryid-1810 gallery-columns-4 gallery-size-medium'><figure class='gallery-item'>\n\t\t\t<div class='gallery-icon landscape'>\n\t\t\t\t<a data-elementor-open-lightbox=\"yes\" data-elementor-lightbox-slideshow=\"0eeb395\" data-elementor-lightbox-title=\"dinamo_maksimir_1\" href='https:\/\/dinamojemaksimir.com\/wp-content\/uploads\/2022\/01\/dinamo_maksimir_1.jpg'><img width=\"300\" height=\"242\" src=\"https:\/\/dinamojemaksimir.com\/wp-content\/uploads\/2022\/01\/dinamo_maksimir_1-300x242.jpg\" class=\"attachment-medium size-medium\" alt=\"\" loading=\"lazy\" \/><\/a>\n\t\t\t<\/div><\/figure><figure class='gallery-item'>\n\t\t\t<div class='gallery-icon landscape'>\n\t\t\t\t<a data-elementor-open-lightbox=\"yes\" data-elementor-lightbox-slideshow=\"0eeb395\" data-elementor-lightbox-title=\"dinamo_maksimir_14\" href='https:\/\/dinamojemaksimir.com\/wp-content\/uploads\/2022\/01\/dinamo_maksimir_14.jpg'><img width=\"300\" height=\"242\" src=\"https:\/\/dinamojemaksimir.com\/wp-content\/uploads\/2022\/01\/dinamo_maksimir_14-300x242.jpg\" class=\"attachment-medium size-medium\" alt=\"\" loading=\"lazy\" \/><\/a>\n\t\t\t<\/div><\/figure><figure class='gallery-item'>\n\t\t\t<div class='gallery-icon landscape'>\n\t\t\t\t<a data-elementor-open-lightbox=\"yes\" data-elementor-lightbox-slideshow=\"0eeb395\" data-elementor-lightbox-title=\"dinamo_maksimir_13\" href='https:\/\/dinamojemaksimir.com\/wp-content\/uploads\/2022\/01\/dinamo_maksimir_13.jpg'><img width=\"300\" height=\"242\" src=\"https:\/\/dinamojemaksimir.com\/wp-content\/uploads\/2022\/01\/dinamo_maksimir_13-300x242.jpg\" class=\"attachment-medium size-medium\" alt=\"\" loading=\"lazy\" \/><\/a>\n\t\t\t<\/div><\/figure><figure class='gallery-item'>\n\t\t\t<div class='gallery-icon landscape'>\n\t\t\t\t<a data-elementor-open-lightbox=\"yes\" data-elementor-lightbox-slideshow=\"0eeb395\" data-elementor-lightbox-title=\"dinamo_maksimir_12\" href='https:\/\/dinamojemaksimir.com\/wp-content\/uploads\/2022\/01\/dinamo_maksimir_12.jpg'><img width=\"300\" height=\"242\" src=\"https:\/\/dinamojemaksimir.com\/wp-content\/uploads\/2022\/01\/dinamo_maksimir_12-300x242.jpg\" class=\"attachment-medium size-medium\" alt=\"\" loading=\"lazy\" \/><\/a>\n\t\t\t<\/div><\/figure><figure class='gallery-item'>\n\t\t\t<div class='gallery-icon landscape'>\n\t\t\t\t<a data-elementor-open-lightbox=\"yes\" data-elementor-lightbox-slideshow=\"0eeb395\" data-elementor-lightbox-title=\"dinamo_maksimir_11\" href='https:\/\/dinamojemaksimir.com\/wp-content\/uploads\/2022\/01\/dinamo_maksimir_11.jpg'><img width=\"300\" height=\"242\" src=\"https:\/\/dinamojemaksimir.com\/wp-content\/uploads\/2022\/01\/dinamo_maksimir_11-300x242.jpg\" class=\"attachment-medium size-medium\" alt=\"\" loading=\"lazy\" \/><\/a>\n\t\t\t<\/div><\/figure><figure class='gallery-item'>\n\t\t\t<div class='gallery-icon landscape'>\n\t\t\t\t<a data-elementor-open-lightbox=\"yes\" data-elementor-lightbox-slideshow=\"0eeb395\" data-elementor-lightbox-title=\"dinamo_maksimir_10\" href='https:\/\/dinamojemaksimir.com\/wp-content\/uploads\/2022\/01\/dinamo_maksimir_10.jpg'><img width=\"300\" height=\"242\" src=\"https:\/\/dinamojemaksimir.com\/wp-content\/uploads\/2022\/01\/dinamo_maksimir_10-300x242.jpg\" class=\"attachment-medium size-medium\" alt=\"\" loading=\"lazy\" \/><\/a>\n\t\t\t<\/div><\/figure><figure class='gallery-item'>\n\t\t\t<div class='gallery-icon landscape'>\n\t\t\t\t<a data-elementor-open-lightbox=\"yes\" data-elementor-lightbox-slideshow=\"0eeb395\" data-elementor-lightbox-title=\"dinamo_maksimir_9\" href='https:\/\/dinamojemaksimir.com\/wp-content\/uploads\/2022\/01\/dinamo_maksimir_9.jpg'><img width=\"300\" height=\"242\" src=\"https:\/\/dinamojemaksimir.com\/wp-content\/uploads\/2022\/01\/dinamo_maksimir_9-300x242.jpg\" class=\"attachment-medium size-medium\" alt=\"\" loading=\"lazy\" \/><\/a>\n\t\t\t<\/div><\/figure><figure class='gallery-item'>\n\t\t\t<div class='gallery-icon landscape'>\n\t\t\t\t<a data-elementor-open-lightbox=\"yes\" data-elementor-lightbox-slideshow=\"0eeb395\" data-elementor-lightbox-title=\"dinamo_maksimir_8\" href='https:\/\/dinamojemaksimir.com\/wp-content\/uploads\/2022\/01\/dinamo_maksimir_8.jpg'><img width=\"300\" height=\"242\" src=\"https:\/\/dinamojemaksimir.com\/wp-content\/uploads\/2022\/01\/dinamo_maksimir_8-300x242.jpg\" class=\"attachment-medium size-medium\" alt=\"\" loading=\"lazy\" \/><\/a>\n\t\t\t<\/div><\/figure><figure class='gallery-item'>\n\t\t\t<div class='gallery-icon landscape'>\n\t\t\t\t<a data-elementor-open-lightbox=\"yes\" data-elementor-lightbox-slideshow=\"0eeb395\" data-elementor-lightbox-title=\"dinamo_maksimir_7\" href='https:\/\/dinamojemaksimir.com\/wp-content\/uploads\/2022\/01\/dinamo_maksimir_7.jpg'><img width=\"300\" height=\"242\" src=\"https:\/\/dinamojemaksimir.com\/wp-content\/uploads\/2022\/01\/dinamo_maksimir_7-300x242.jpg\" class=\"attachment-medium size-medium\" alt=\"\" loading=\"lazy\" \/><\/a>\n\t\t\t<\/div><\/figure><figure class='gallery-item'>\n\t\t\t<div class='gallery-icon landscape'>\n\t\t\t\t<a data-elementor-open-lightbox=\"yes\" data-elementor-lightbox-slideshow=\"0eeb395\" data-elementor-lightbox-title=\"dinamo_maksimir_6\" href='https:\/\/dinamojemaksimir.com\/wp-content\/uploads\/2022\/01\/dinamo_maksimir_6.jpg'><img width=\"300\" height=\"242\" src=\"https:\/\/dinamojemaksimir.com\/wp-content\/uploads\/2022\/01\/dinamo_maksimir_6-300x242.jpg\" class=\"attachment-medium size-medium\" alt=\"\" loading=\"lazy\" \/><\/a>\n\t\t\t<\/div><\/figure><figure class='gallery-item'>\n\t\t\t<div class='gallery-icon landscape'>\n\t\t\t\t<a data-elementor-open-lightbox=\"yes\" data-elementor-lightbox-slideshow=\"0eeb395\" data-elementor-lightbox-title=\"dinamo_maksimir_5\" href='https:\/\/dinamojemaksimir.com\/wp-content\/uploads\/2022\/01\/dinamo_maksimir_5.jpg'><img width=\"300\" height=\"242\" src=\"https:\/\/dinamojemaksimir.com\/wp-content\/uploads\/2022\/01\/dinamo_maksimir_5-300x242.jpg\" class=\"attachment-medium size-medium\" alt=\"\" loading=\"lazy\" \/><\/a>\n\t\t\t<\/div><\/figure><figure class='gallery-item'>\n\t\t\t<div class='gallery-icon landscape'>\n\t\t\t\t<a data-elementor-open-lightbox=\"yes\" data-elementor-lightbox-slideshow=\"0eeb395\" data-elementor-lightbox-title=\"dinamo_maksimir_4\" href='https:\/\/dinamojemaksimir.com\/wp-content\/uploads\/2022\/01\/dinamo_maksimir_4.jpg'><img width=\"300\" height=\"242\" src=\"https:\/\/dinamojemaksimir.com\/wp-content\/uploads\/2022\/01\/dinamo_maksimir_4-300x242.jpg\" class=\"attachment-medium size-medium\" alt=\"\" loading=\"lazy\" \/><\/a>\n\t\t\t<\/div><\/figure><figure class='gallery-item'>\n\t\t\t<div class='gallery-icon landscape'>\n\t\t\t\t<a data-elementor-open-lightbox=\"yes\" data-elementor-lightbox-slideshow=\"0eeb395\" data-elementor-lightbox-title=\"dinamo_maksimir_3\" href='https:\/\/dinamojemaksimir.com\/wp-content\/uploads\/2022\/01\/dinamo_maksimir_3.jpg'><img width=\"300\" height=\"242\" src=\"https:\/\/dinamojemaksimir.com\/wp-content\/uploads\/2022\/01\/dinamo_maksimir_3-300x242.jpg\" class=\"attachment-medium size-medium\" alt=\"\" loading=\"lazy\" \/><\/a>\n\t\t\t<\/div><\/figure><figure class='gallery-item'>\n\t\t\t<div class='gallery-icon landscape'>\n\t\t\t\t<a data-elementor-open-lightbox=\"yes\" data-elementor-lightbox-slideshow=\"0eeb395\" data-elementor-lightbox-title=\"dinamo_maksimir_2\" href='https:\/\/dinamojemaksimir.com\/wp-content\/uploads\/2022\/01\/dinamo_maksimir_2.jpg'><img width=\"300\" height=\"242\" src=\"https:\/\/dinamojemaksimir.com\/wp-content\/uploads\/2022\/01\/dinamo_maksimir_2-300x242.jpg\" class=\"attachment-medium size-medium\" alt=\"\" loading=\"lazy\" \/><\/a>\n\t\t\t<\/div><\/figure>\n\t\t<\/div>\n\t\t<\/div>\n\t\t\t\t<\/div>\n\t\t\t\t<\/div>\n\t\t\t\t\t<\/div>\r\n\t\t\t\t<\/div>\r\n\t\t\t\t\t\t<\/div>\r\n\t\t\t\t<\/section>\r\n\t\t\t\t\t\t<\/div>\n\t\t\t\t\t<\/div>\n\t\t","protected":false},"excerpt":{"rendered":"<p>Djelovanje udruge i mediji o nama Nema se tu puno kaj re\u0107i, poruka je jasna, vidljiva na svakom kutu u gradu Zagrebu, plakatima koji simboliziraju borbu na\u0161e Inicijative \u201eDinamo je Maksimir\u201c, a na odgovornima u gradu je da postupe kako i dolikuje, ako vole Zagreb i Dinamo. Zato dok prolazite pored tih lokacija, zastanite na [&hellip;]<\/p>\n","protected":false},"author":1,"featured_media":0,"parent":0,"menu_order":0,"comment_status":"closed","ping_status":"closed","template":"","meta":[],"_links":{"self":[{"href":"https:\/\/dinamojemaksimir.com\/index.php?rest_route=\/wp\/v2\/pages\/1810"}],"collection":[{"href":"https:\/\/dinamojemaksimir.com\/index.php?rest_route=\/wp\/v2\/pages"}],"about":[{"href":"https:\/\/dinamojemaksimir.com\/index.php?rest_route=\/wp\/v2\/types\/page"}],"author":[{"embeddable":true,"href":"https:\/\/dinamojemaksimir.com\/index.php?rest_route=\/wp\/v2\/users\/1"}],"replies":[{"embeddable":true,"href":"https:\/\/dinamojemaksimir.com\/index.php?rest_route=%2Fwp%2Fv2%2Fcomments&post=1810"}],"version-history":[{"count":30,"href":"https:\/\/dinamojemaksimir.com\/index.php?rest_route=\/wp\/v2\/pages\/1810\/revisions"}],"predecessor-version":[{"id":1878,"href":"https:\/\/dinamojemaksimir.com\/index.php?rest_route=\/wp\/v2\/pages\/1810\/revisions\/1878"}],"wp:attachment":[{"href":"https:\/\/dinamojemaksimir.com\/index.php?rest_route=%2Fwp%2Fv2%2Fmedia&parent=1810"}],"curies":[{"name":"wp","href":"https:\/\/api.w.org\/{rel}","templated":true}]}}