{"id":1481,"date":"2021-06-01T21:10:47","date_gmt":"2021-06-01T21:10:47","guid":{"rendered":"https:\/\/dinamojemaksimir.com\/?page_id=1481"},"modified":"2021-06-03T07:15:01","modified_gmt":"2021-06-03T07:15:01","slug":"akcija_stadion","status":"publish","type":"page","link":"https:\/\/dinamojemaksimir.com\/?page_id=1481","title":{"rendered":"Akcija stadion"},"content":{"rendered":"\t\t<div data-elementor-type=\"wp-page\" data-elementor-id=\"1481\" class=\"elementor elementor-1481\" data-elementor-settings=\"[]\">\n\t\t\t\t\t\t\t<div class=\"elementor-section-wrap\">\n\t\t\t\t\t\t\t<section data-plugin-parallax=\"\" data-plugin-options=\"{&quot;speed&quot;: 1.3}\" class=\"elementor-section elementor-top-section elementor-element elementor-element-d280850 ltr-section elementor-section-boxed elementor-section-height-default elementor-section-height-default\" data-id=\"d280850\" data-element_type=\"section\" data-settings=\"{&quot;background_background&quot;:&quot;classic&quot;}\">\r\n\t\t\t\r\n\t\t\t\t\t\t\t\t\t<div class=\"elementor-container elementor-column-gap-no\">\r\n\t\t\t\t\t\t\t\t\t\t\t<div class=\"elementor-column elementor-col-50 elementor-top-column elementor-element elementor-element-2ba864d pb-lg-5 mt-5 order-lg-2\" data-id=\"2ba864d\" data-element_type=\"column\">\r\n\r\n\t\t\t\t\t<div class=\"elementor-widget-wrap elementor-element-populated\">\r\n\t\t\t\t\t\t\t\t<div class=\"elementor-element elementor-element-5dede14 testimonial mx-4 elementor-widget elementor-widget-porto_ultimate_heading\" data-id=\"5dede14\" data-element_type=\"widget\" data-widget_type=\"porto_ultimate_heading.default\">\n\t\t\t\t<div class=\"elementor-widget-container\">\n\t\t\t<div class=\"porto-u-heading\" data-hspacer=\"no_spacer\" data-halign=\"inherit\" style=\"text-align:inherit\"><div class=\"porto-u-main-heading\"><div data-plugin-animated-letters data-plugin-options=\"{&quot;startDelay&quot;:1000,&quot;minWindowWidth&quot;:992,&quot;animationName&quot;:&quot;fadeIn&quot;}\"  >Za prave Zagrep\u010dane uop\u0107e ne bi smjelo biti dileme; Maksimir je jedno od svetih mjesta grada Zagreba. Upravo je na ovom mjestu Dinamo pisao svoju povijest i neka ju pi\u0161e i dalje. <\/div><\/div><\/div>\t\t<\/div>\n\t\t\t\t<\/div>\n\t\t\t\t<div class=\"elementor-element elementor-element-e5e23d2 mx-4 mb-0 elementor-widget elementor-widget-porto_ultimate_heading\" data-id=\"e5e23d2\" data-element_type=\"widget\" data-widget_type=\"porto_ultimate_heading.default\">\n\t\t\t\t<div class=\"elementor-widget-container\">\n\t\t\t<div class=\"porto-u-heading\" data-hspacer=\"no_spacer\" data-halign=\"left\" style=\"text-align:left\"><div class=\"porto-u-main-heading\"><h5   >Ivan Brlekovi\u0107<\/h5><\/div><\/div>\t\t<\/div>\n\t\t\t\t<\/div>\n\t\t\t\t\t<\/div>\r\n\t\t\t\t<\/div>\r\n\t\t\t\t<div class=\"elementor-column elementor-col-50 elementor-top-column elementor-element elementor-element-8914ec6 mt-5\" data-id=\"8914ec6\" data-element_type=\"column\">\r\n\r\n\t\t\t\t\t<div class=\"elementor-widget-wrap elementor-element-populated\">\r\n\t\t\t\t\t\t\t\t<div class=\"elementor-element elementor-element-76f5523 elementor-invisible elementor-widget elementor-widget-image\" data-id=\"76f5523\" data-element_type=\"widget\" data-settings=\"{&quot;_animation&quot;:&quot;fadeInUp&quot;,&quot;_animation_delay&quot;:400}\" data-widget_type=\"image.default\">\n\t\t\t\t<div class=\"elementor-widget-container\">\n\t\t\t\t\t\t\t\t\t\t\t\t\t\t\t<img width=\"995\" height=\"561\" src=\"https:\/\/dinamojemaksimir.com\/wp-content\/uploads\/2021\/05\/stadion.png\" class=\"attachment-full size-full\" alt=\"\" loading=\"lazy\" srcset=\"https:\/\/dinamojemaksimir.com\/wp-content\/uploads\/2021\/05\/stadion.png 995w, https:\/\/dinamojemaksimir.com\/wp-content\/uploads\/2021\/05\/stadion-768x433.png 768w, https:\/\/dinamojemaksimir.com\/wp-content\/uploads\/2021\/05\/stadion-640x361.png 640w, https:\/\/dinamojemaksimir.com\/wp-content\/uploads\/2021\/05\/stadion-400x226.png 400w, https:\/\/dinamojemaksimir.com\/wp-content\/uploads\/2021\/05\/stadion-367x207.png 367w, https:\/\/dinamojemaksimir.com\/wp-content\/uploads\/2021\/05\/stadion-600x338.png 600w\" sizes=\"(max-width: 995px) 100vw, 995px\" \/>\t\t\t\t\t\t\t\t\t\t\t\t\t\t\t<\/div>\n\t\t\t\t<\/div>\n\t\t\t\t\t<\/div>\r\n\t\t\t\t<\/div>\r\n\t\t\t\t\t\t<\/div>\r\n\t\t\t\t<\/section>\r\n\t\t\t\t<section class=\"elementor-section elementor-top-section elementor-element elementor-element-0727d5c elementor-section-full_width elementor-section-height-default elementor-section-height-default\" data-id=\"0727d5c\" data-element_type=\"section\">\r\n\t\t\t\r\n\t\t\t\t\t\t\t\t\t<div class=\"elementor-container elementor-column-gap-no\">\r\n\t\t\t\t\t\t\t\t\t\t\t<div class=\"elementor-column elementor-col-100 elementor-top-column elementor-element elementor-element-419a67d column-d-block\" data-id=\"419a67d\" data-element_type=\"column\">\r\n\r\n\t\t\t\t\t<div class=\"elementor-widget-wrap elementor-element-populated\">\r\n\t\t\t\t\t\t\t\t<div class=\"elementor-element elementor-element-d564912 mb-4 elementor-invisible elementor-widget elementor-widget-heading\" data-id=\"d564912\" data-element_type=\"widget\" data-settings=\"{&quot;_animation&quot;:&quot;fadeInUp&quot;,&quot;_animation_delay&quot;:1000}\" data-widget_type=\"heading.default\">\n\t\t\t\t<div class=\"elementor-widget-container\">\n\t\t\t<h2 class=\"elementor-heading-title elementor-size-default\">Akcija stadion<\/h2>\t\t<\/div>\n\t\t\t\t<\/div>\n\t\t\t\t<div class=\"elementor-element elementor-element-cb7b40b mb-4 elementor-invisible elementor-widget elementor-widget-text-editor\" data-id=\"cb7b40b\" data-element_type=\"widget\" data-settings=\"{&quot;_animation&quot;:&quot;fadeInUp&quot;,&quot;_animation_delay&quot;:1200}\" data-widget_type=\"text-editor.default\">\n\t\t\t\t<div class=\"elementor-widget-container\">\n\t\t\t\t\t\t\t\t<div dir=\"auto\">Kako je tema novog stadiona Dinama preplavila internet i po\u010dinje se nametati kao prvorazredno politi\u010dko pitanje u Zagrebu u kontekstu skora\u0161njih lokalnih izbora, bit \u0107u slobodan iznijeti na ovim stranica, svoje vi\u0111enje problematike izgradnje novog stadiona i ponuditi rje\u0161enja.<\/div>\t\t\t\t\t\t<\/div>\n\t\t\t\t<\/div>\n\t\t\t\t<div class=\"elementor-element elementor-element-3c9191b elementor-widget elementor-widget-accordion\" data-id=\"3c9191b\" data-element_type=\"widget\" data-widget_type=\"accordion.default\">\n\t\t\t\t<div class=\"elementor-widget-container\">\n\t\t\t\t\t<div class=\"elementor-accordion\" role=\"tablist\">\n\t\t\t\t\t\t\t<div class=\"elementor-accordion-item\">\n\t\t\t\t\t<div id=\"elementor-tab-title-6351\" class=\"elementor-tab-title\" data-tab=\"1\" role=\"tab\" aria-controls=\"elementor-tab-content-6351\" aria-expanded=\"false\">\n\t\t\t\t\t\t\t\t\t\t\t\t\t<span class=\"elementor-accordion-icon elementor-accordion-icon-right\" aria-hidden=\"true\">\n\t\t\t\t\t\t\t\t\t\t\t\t\t\t\t<span class=\"elementor-accordion-icon-closed\"><i class=\"fas fa-plus\"><\/i><\/span>\n\t\t\t\t\t\t\t\t<span class=\"elementor-accordion-icon-opened\"><i class=\"fas fa-minus\"><\/i><\/span>\n\t\t\t\t\t\t\t\t\t\t\t\t\t\t<\/span>\n\t\t\t\t\t\t\t\t\t\t\t\t<a class=\"elementor-accordion-title\" href=\"\">1 - Lokacija<\/a>\n\t\t\t\t\t<\/div>\n\t\t\t\t\t<div id=\"elementor-tab-content-6351\" class=\"elementor-tab-content elementor-clearfix\" data-tab=\"1\" role=\"tabpanel\" aria-labelledby=\"elementor-tab-title-6351\"><div dir=\"auto\">Dr\u017eim da za prave Zagrep\u010dane uop\u0107e ne bi smjelo biti dileme; Maksimir je jedno od svetih mjesta grada Zagreba. Upravo je na ovom mjestu Dinamo pisao svoju povijest i neka ju pi\u0161e i dalje.\u00a0<\/div><\/div>\n\t\t\t\t<\/div>\n\t\t\t\t\t\t\t<div class=\"elementor-accordion-item\">\n\t\t\t\t\t<div id=\"elementor-tab-title-6352\" class=\"elementor-tab-title\" data-tab=\"2\" role=\"tab\" aria-controls=\"elementor-tab-content-6352\" aria-expanded=\"false\">\n\t\t\t\t\t\t\t\t\t\t\t\t\t<span class=\"elementor-accordion-icon elementor-accordion-icon-right\" aria-hidden=\"true\">\n\t\t\t\t\t\t\t\t\t\t\t\t\t\t\t<span class=\"elementor-accordion-icon-closed\"><i class=\"fas fa-plus\"><\/i><\/span>\n\t\t\t\t\t\t\t\t<span class=\"elementor-accordion-icon-opened\"><i class=\"fas fa-minus\"><\/i><\/span>\n\t\t\t\t\t\t\t\t\t\t\t\t\t\t<\/span>\n\t\t\t\t\t\t\t\t\t\t\t\t<a class=\"elementor-accordion-title\" href=\"\">2 - Imovinskopravni status<\/a>\n\t\t\t\t\t<\/div>\n\t\t\t\t\t<div id=\"elementor-tab-content-6352\" class=\"elementor-tab-content elementor-clearfix\" data-tab=\"2\" role=\"tabpanel\" aria-labelledby=\"elementor-tab-title-6352\"><div dir=\"auto\">Bez nekog posebnog povoda i razloga, dugoro\u010dno nepromi\u0161ljeno, 1992.god. Dinamova uprava odrekla se vlasni\u0161tva cijelog maksimirskog kompleksa i predala ga Gradu Zagrebu.<\/div><div dir=\"auto\">Ne treba danas nikoga previ\u0161e osu\u0111ivati, takva su vremena bila, politika i Grad Zagreb \u010dvrsto su tada stajali iza Dinama, nije bilo previ\u0161e bitno u \u010dijem je vlasni\u0161tvu Maksimir.<\/div><div dir=\"auto\">Danas su na\u017ealost neka druga vremena, za Gradona\u010delnika(cu) se nude osobe koje ne pokazuju nikakve afinitete za nogomet u Zagrebu, \u010dak \u0161to vi\u0161e ni ne navijaju za Dinamo.<\/div><div dir=\"auto\">Neke druge boje su im puno dra\u017ee od plave!<\/div><\/div>\n\t\t\t\t<\/div>\n\t\t\t\t\t\t\t<div class=\"elementor-accordion-item\">\n\t\t\t\t\t<div id=\"elementor-tab-title-6353\" class=\"elementor-tab-title\" data-tab=\"3\" role=\"tab\" aria-controls=\"elementor-tab-content-6353\" aria-expanded=\"false\">\n\t\t\t\t\t\t\t\t\t\t\t\t\t<span class=\"elementor-accordion-icon elementor-accordion-icon-right\" aria-hidden=\"true\">\n\t\t\t\t\t\t\t\t\t\t\t\t\t\t\t<span class=\"elementor-accordion-icon-closed\"><i class=\"fas fa-plus\"><\/i><\/span>\n\t\t\t\t\t\t\t\t<span class=\"elementor-accordion-icon-opened\"><i class=\"fas fa-minus\"><\/i><\/span>\n\t\t\t\t\t\t\t\t\t\t\t\t\t\t<\/span>\n\t\t\t\t\t\t\t\t\t\t\t\t<a class=\"elementor-accordion-title\" href=\"\">3 - Kako rije\u0161iti imovinskopravna pitanja<\/a>\n\t\t\t\t\t<\/div>\n\t\t\t\t\t<div id=\"elementor-tab-content-6353\" class=\"elementor-tab-content elementor-clearfix\" data-tab=\"3\" role=\"tabpanel\" aria-labelledby=\"elementor-tab-title-6353\"><div dir=\"auto\">Ovih dana nude se razli\u010dita rje\u0161enja (povrat vlasni\u0161tva, pravo gra\u0111enja, koncesija, pravo plodou\u017eivanja, javno-privatno partnerstvo, najam, \u201eizgon Dinama iz Maksimira\u201c itd.)<\/div><div dir=\"auto\">Me\u0111utim, od sveg ponu\u0111enog, za ozbiljnu raspravu ostaje nam samo pravo gra\u0111enja.\u00a0<\/div><div dir=\"auto\">-Povrat vlasni\u0161tva Dinamu je pravno i teoretski mogu\u0107, ali u praksi danas te\u0161ko izvediv u Zagrebu.<\/div><div dir=\"auto\">-Koncesija se kao rje\u0161enje vi\u0161e koristi za neke druge situacije i okolnosti; npr. kori\u0161tenje i eksploatacija prirodnih bogatstava, koncesija za izgradnju odre\u0111enih infrastrukturnih objekata, koncesija za obavljanje odre\u0111enih javnih usluga i sli\u010dno.<\/div><div dir=\"auto\">-Ostale nabrojane mogu\u0107nosti ukazuju se kao nedostatne i te\u0161ko provedive u praksi.<\/div><\/div>\n\t\t\t\t<\/div>\n\t\t\t\t\t\t\t<div class=\"elementor-accordion-item\">\n\t\t\t\t\t<div id=\"elementor-tab-title-6354\" class=\"elementor-tab-title\" data-tab=\"4\" role=\"tab\" aria-controls=\"elementor-tab-content-6354\" aria-expanded=\"false\">\n\t\t\t\t\t\t\t\t\t\t\t\t\t<span class=\"elementor-accordion-icon elementor-accordion-icon-right\" aria-hidden=\"true\">\n\t\t\t\t\t\t\t\t\t\t\t\t\t\t\t<span class=\"elementor-accordion-icon-closed\"><i class=\"fas fa-plus\"><\/i><\/span>\n\t\t\t\t\t\t\t\t<span class=\"elementor-accordion-icon-opened\"><i class=\"fas fa-minus\"><\/i><\/span>\n\t\t\t\t\t\t\t\t\t\t\t\t\t\t<\/span>\n\t\t\t\t\t\t\t\t\t\t\t\t<a class=\"elementor-accordion-title\" href=\"\">4 - Pravo gra\u0111enja<\/a>\n\t\t\t\t\t<\/div>\n\t\t\t\t\t<div id=\"elementor-tab-content-6354\" class=\"elementor-tab-content elementor-clearfix\" data-tab=\"4\" role=\"tabpanel\" aria-labelledby=\"elementor-tab-title-6354\"><div dir=\"auto\">Ostaje dakle, pravo gra\u0111enja. Predla\u017eem uz simboli\u010dnu naknadu od 1 kune i na rok od 99 godina.<\/div><div dir=\"auto\">Grad Zagreb daje Dinamu pravo gra\u0111enja za izgradnju stadiona u Maksimiru. Oblik, veli\u010dina i dinamika izgradnje, okvirno se definiraju u Ugovoru o gra\u0111enju.<\/div><div dir=\"auto\">Investitor je GNK Dinamo. Sufinancijeri su HNS, FIFA i UEFA iz svojih fondova solidarnosti za ovakve namjene.<\/div><div dir=\"auto\">Garantirano, stadion mo\u017ee biti gotov za tri godine!<\/div><\/div>\n\t\t\t\t<\/div>\n\t\t\t\t\t\t\t<div class=\"elementor-accordion-item\">\n\t\t\t\t\t<div id=\"elementor-tab-title-6355\" class=\"elementor-tab-title\" data-tab=\"5\" role=\"tab\" aria-controls=\"elementor-tab-content-6355\" aria-expanded=\"false\">\n\t\t\t\t\t\t\t\t\t\t\t\t\t<span class=\"elementor-accordion-icon elementor-accordion-icon-right\" aria-hidden=\"true\">\n\t\t\t\t\t\t\t\t\t\t\t\t\t\t\t<span class=\"elementor-accordion-icon-closed\"><i class=\"fas fa-plus\"><\/i><\/span>\n\t\t\t\t\t\t\t\t<span class=\"elementor-accordion-icon-opened\"><i class=\"fas fa-minus\"><\/i><\/span>\n\t\t\t\t\t\t\t\t\t\t\t\t\t\t<\/span>\n\t\t\t\t\t\t\t\t\t\t\t\t<a class=\"elementor-accordion-title\" href=\"\">5 - Rje\u0161enje<\/a>\n\t\t\t\t\t<\/div>\n\t\t\t\t\t<div id=\"elementor-tab-content-6355\" class=\"elementor-tab-content elementor-clearfix\" data-tab=\"5\" role=\"tabpanel\" aria-labelledby=\"elementor-tab-title-6355\"><div dir=\"auto\">Kako to posti\u0107i ako gradske vlasti ne\u0107e imati sluha za Dinamo i potrebu izgradnje novog stadiona.<\/div><div dir=\"auto\">Rje\u0161enje je referendum. \u010clanak 140. Statuta Grada Zagreba propisuje:<\/div><div dir=\"auto\">\u00a0<\/div><div dir=\"auto\">\u010clanak 140.<\/div><div dir=\"auto\">\u00a0<\/div><div dir=\"auto\">(3) Raspisivanje lokalnog referenduma mo\u017ee predlo\u017eiti najmanje jedna tre\u0107ina gradskih zastupnika, gradona\u010delnik, 20% od ukupnog broja bira\u010da upisanih u popis bira\u010da u Gradu Zagrebu i ve\u0107ina vije\u0107a mjesnih odbora, odnosno gradskih \u010detvrti na podru\u010dju Grada Zagreba.<\/div><div dir=\"auto\">\u00a0<\/div><div dir=\"auto\">(6) Na lokalnom referendumu imaju pravo sudjelovati bira\u010di koji imaju prebivali\u0161te na podru\u010dju Grada Zagreba.<\/div><div dir=\"auto\">\u00a0<\/div><div dir=\"auto\">(7) Odluka donesena na lokalnom referendumu obvezatna je za Gradsku skup\u0161tinu.<\/div><\/div>\n\t\t\t\t<\/div>\n\t\t\t\t\t\t\t\t<\/div>\n\t\t\t\t<\/div>\n\t\t\t\t<\/div>\n\t\t\t\t<div class=\"elementor-element elementor-element-eee8f8c mb-1 elementor-widget elementor-widget-text-editor\" data-id=\"eee8f8c\" data-element_type=\"widget\" data-widget_type=\"text-editor.default\">\n\t\t\t\t<div class=\"elementor-widget-container\">\n\t\t\t\t\t\t\t\t<p class=\"mb-5\">Eto dragi prijatelji, ovo je moj skromni doprinos za \u0161to skorije rje\u0161avanje \u201eAkcije Stadion\u201c!<\/p><p><strong><em>Ivan Brlekovi\u0107<\/em><\/strong><\/p>\t\t\t\t\t\t<\/div>\n\t\t\t\t<\/div>\n\t\t\t\t<div class=\"elementor-element elementor-element-5029f4a mb-4 pb-2 elementor-invisible elementor-widget elementor-widget-image\" data-id=\"5029f4a\" data-element_type=\"widget\" data-settings=\"{&quot;_animation&quot;:&quot;fadeInUp&quot;,&quot;_animation_delay&quot;:1600}\" data-widget_type=\"image.default\">\n\t\t\t\t<div class=\"elementor-widget-container\">\n\t\t\t\t\t\t\t\t\t\t\t\t\t\t\t<img width=\"1920\" height=\"700\" src=\"https:\/\/dinamojemaksimir.com\/wp-content\/uploads\/2021\/06\/stadion_dinamo.jpg\" class=\"attachment-full size-full\" alt=\"\" loading=\"lazy\" srcset=\"https:\/\/dinamojemaksimir.com\/wp-content\/uploads\/2021\/06\/stadion_dinamo.jpg 1920w, https:\/\/dinamojemaksimir.com\/wp-content\/uploads\/2021\/06\/stadion_dinamo-1024x373.jpg 1024w, https:\/\/dinamojemaksimir.com\/wp-content\/uploads\/2021\/06\/stadion_dinamo-768x280.jpg 768w, https:\/\/dinamojemaksimir.com\/wp-content\/uploads\/2021\/06\/stadion_dinamo-1536x560.jpg 1536w, https:\/\/dinamojemaksimir.com\/wp-content\/uploads\/2021\/06\/stadion_dinamo-640x233.jpg 640w, https:\/\/dinamojemaksimir.com\/wp-content\/uploads\/2021\/06\/stadion_dinamo-400x146.jpg 400w, https:\/\/dinamojemaksimir.com\/wp-content\/uploads\/2021\/06\/stadion_dinamo-367x134.jpg 367w, https:\/\/dinamojemaksimir.com\/wp-content\/uploads\/2021\/06\/stadion_dinamo-600x219.jpg 600w\" sizes=\"(max-width: 1920px) 100vw, 1920px\" \/>\t\t\t\t\t\t\t\t\t\t\t\t\t\t\t<\/div>\n\t\t\t\t<\/div>\n\t\t\t\t\t<\/div>\r\n\t\t\t\t<\/div>\r\n\t\t\t\t\t\t<\/div>\r\n\t\t\t\t<\/section>\r\n\t\t\t\t\t\t<\/div>\n\t\t\t\t\t<\/div>\n\t\t","protected":false},"excerpt":{"rendered":"<p>Za prave Zagrep\u010dane uop\u0107e ne bi smjelo biti dileme; Maksimir je jedno od svetih mjesta grada Zagreba. Upravo je na ovom mjestu Dinamo pisao svoju povijest i neka ju pi\u0161e i dalje. Ivan Brlekovi\u0107 Akcija stadion Kako je tema novog stadiona Dinama preplavila internet i po\u010dinje se nametati kao prvorazredno politi\u010dko pitanje u Zagrebu u [&hellip;]<\/p>\n","protected":false},"author":1,"featured_media":0,"parent":0,"menu_order":0,"comment_status":"closed","ping_status":"closed","template":"","meta":[],"_links":{"self":[{"href":"https:\/\/dinamojemaksimir.com\/index.php?rest_route=\/wp\/v2\/pages\/1481"}],"collection":[{"href":"https:\/\/dinamojemaksimir.com\/index.php?rest_route=\/wp\/v2\/pages"}],"about":[{"href":"https:\/\/dinamojemaksimir.com\/index.php?rest_route=\/wp\/v2\/types\/page"}],"author":[{"embeddable":true,"href":"https:\/\/dinamojemaksimir.com\/index.php?rest_route=\/wp\/v2\/users\/1"}],"replies":[{"embeddable":true,"href":"https:\/\/dinamojemaksimir.com\/index.php?rest_route=%2Fwp%2Fv2%2Fcomments&post=1481"}],"version-history":[{"count":3,"href":"https:\/\/dinamojemaksimir.com\/index.php?rest_route=\/wp\/v2\/pages\/1481\/revisions"}],"predecessor-version":[{"id":1523,"href":"https:\/\/dinamojemaksimir.com\/index.php?rest_route=\/wp\/v2\/pages\/1481\/revisions\/1523"}],"wp:attachment":[{"href":"https:\/\/dinamojemaksimir.com\/index.php?rest_route=%2Fwp%2Fv2%2Fmedia&parent=1481"}],"curies":[{"name":"wp","href":"https:\/\/api.w.org\/{rel}","templated":true}]}}